{"id":114,"date":"2015-09-04T16:22:58","date_gmt":"2015-09-04T14:22:58","guid":{"rendered":"http:\/\/bismarck.reppel.eu\/?page_id=114"},"modified":"2015-09-30T09:11:36","modified_gmt":"2015-09-30T07:11:36","slug":"unser-haus-bismarckschule","status":"publish","type":"page","link":"https:\/\/www.bismarckschule-servatiusschule.de\/index.php\/unser-haus-bismarckschule\/","title":{"rendered":"Unser Haus Bismarckschule"},"content":{"rendered":"<p>Am Standort Richelnkamp verf\u00fcgt die Bismarckschule neben den Klassenr\u00e4umen \u00fcber einige Fachr\u00e4ume.<\/p>\n<p>Diese sind:<\/p>\n<ul>\n<li>Computerraum mit 16 Arbeitspl\u00e4tzen inklusiv Internetanbindung<\/li>\n<li>Leseraum (nach den Herbstferien 2015 komplett eingerichtet)<\/li>\n<li>Musikraum<\/li>\n<li>F\u00f6rderraum der Sozialp\u00e4dagogischen Fachkraft<\/li>\n<li>Lehrschwimmbecken mit maximal 1,30m Tiefe f\u00fcr Schwimmunterricht der Jahrg\u00e4nge 1 bis 3. Jahrgang 4 erh\u00e4lt Schwimmunterricht im st\u00e4dtischen Hallenbad.<\/li>\n<li>Turnhalle (gro\u00dfe Turnhalle, die auch Vereine nutzen)<\/li>\n<\/ul>\n<p>Au\u00dferdem haben wir eine moderne K\u00fcche, in der die Kinder der OGS das Mittagessen einnehmen. Au\u00dferdem wird die K\u00fcche zum Pl\u00e4tzchenbacken etc. genutzt.<\/p>\n<p>Computerraum, Leseraum und K\u00fcche sind mit gro\u00dfer finanzieller Unterst\u00fctzung des F\u00f6rdervereins eingerichtet worden.<\/p>\n<p>In der Pausenhalle zeigen wir Auff\u00fchrungen der Kinder und begr\u00fc\u00dfen bei gr\u00f6\u00dferen Veranstaltungen das Publikum (Einschulung, Informationsveranstaltungen etc.).<\/p>\n<p>Wir haben 2 Schulh\u00f6fe, die von allen Kindern gemeinsam genutzt werden.<\/p>\n<p>&nbsp;<\/p>\n<p>F\u00fcr Kinder, die weiter weg wohnen, sind 2 Schulbuslinien eingerichtet.<\/p>\n","protected":false},"excerpt":{"rendered":"<p>Am Standort Richelnkamp verf\u00fcgt die Bismarckschule neben den Klassenr\u00e4umen \u00fcber einige Fachr\u00e4ume. Diese sind: Computerraum mit 16 Arbeitspl\u00e4tzen inklusiv Internetanbindung Leseraum (nach den Herbstferien 2015 komplett eingerichtet) Musikraum F\u00f6rderraum der Sozialp\u00e4dagogischen Fachkraft Lehrschwimmbecken mit maximal 1,30m Tiefe f\u00fcr Schwimmunterricht der Jahrg\u00e4nge 1 bis 3. Jahrgang 4 erh\u00e4lt Schwimmunterricht im st\u00e4dtischen Hallenbad. Turnhalle (gro\u00dfe Turnhalle, die [&hellip;]<\/p>\n","protected":false},"author":1,"featured_media":0,"parent":0,"menu_order":0,"comment_status":"closed","ping_status":"closed","template":"","meta":{"footnotes":""},"class_list":["post-114","page","type-page","status-publish","hentry"],"_links":{"self":[{"href":"https:\/\/www.bismarckschule-servatiusschule.de\/index.php\/wp-json\/wp\/v2\/pages\/114","targetHints":{"allow":["GET"]}}],"collection":[{"href":"https:\/\/www.bismarckschule-servatiusschule.de\/index.php\/wp-json\/wp\/v2\/pages"}],"about":[{"href":"https:\/\/www.bismarckschule-servatiusschule.de\/index.php\/wp-json\/wp\/v2\/types\/page"}],"author":[{"embeddable":true,"href":"https:\/\/www.bismarckschule-servatiusschule.de\/index.php\/wp-json\/wp\/v2\/users\/1"}],"replies":[{"embeddable":true,"href":"https:\/\/www.bismarckschule-servatiusschule.de\/index.php\/wp-json\/wp\/v2\/comments?post=114"}],"version-history":[{"count":3,"href":"https:\/\/www.bismarckschule-servatiusschule.de\/index.php\/wp-json\/wp\/v2\/pages\/114\/revisions"}],"predecessor-version":[{"id":347,"href":"https:\/\/www.bismarckschule-servatiusschule.de\/index.php\/wp-json\/wp\/v2\/pages\/114\/revisions\/347"}],"wp:attachment":[{"href":"https:\/\/www.bismarckschule-servatiusschule.de\/index.php\/wp-json\/wp\/v2\/media?parent=114"}],"curies":[{"name":"wp","href":"https:\/\/api.w.org\/{rel}","templated":true}]}}