{"id":120,"date":"2015-09-04T16:23:39","date_gmt":"2015-09-04T14:23:39","guid":{"rendered":"http:\/\/bismarck.reppel.eu\/?page_id=120"},"modified":"2017-03-17T15:14:56","modified_gmt":"2017-03-17T14:14:56","slug":"arbeiten-der-schueler-und-schuelerrinnen","status":"publish","type":"page","link":"https:\/\/www.bismarckschule-servatiusschule.de\/index.php\/arbeiten-der-schueler-und-schuelerrinnen\/","title":{"rendered":"Arbeiten der Sch\u00fcler und Sch\u00fclerinnen"},"content":{"rendered":"<p>Gruppenarbeiten von Sch\u00fclern und Sch\u00fclerinnen, entstanden im Kunstunterricht.<a href=\"https:\/\/www.bismarckschule-servatiusschule.de\/wp-content\/uploads\/2015\/08\/kinderarbeiten-bismarck-016.jpg\"><img loading=\"lazy\" decoding=\"async\" class=\"alignnone wp-image-81 size-medium\" src=\"https:\/\/www.bismarckschule-servatiusschule.de\/wp-content\/uploads\/2015\/08\/kinderarbeiten-bismarck-016-300x225.jpg\" alt=\"\" width=\"300\" height=\"225\" srcset=\"https:\/\/www.bismarckschule-servatiusschule.de\/wp-content\/uploads\/2015\/08\/kinderarbeiten-bismarck-016-300x225.jpg 300w, https:\/\/www.bismarckschule-servatiusschule.de\/wp-content\/uploads\/2015\/08\/kinderarbeiten-bismarck-016-320x240.jpg 320w, https:\/\/www.bismarckschule-servatiusschule.de\/wp-content\/uploads\/2015\/08\/kinderarbeiten-bismarck-016.jpg 640w\" sizes=\"auto, (max-width: 300px) 100vw, 300px\" \/><\/a><\/p>\n<figure id=\"attachment_80\" aria-describedby=\"caption-attachment-80\" style=\"width: 225px\" class=\"wp-caption alignnone\"><a href=\"https:\/\/www.bismarckschule-servatiusschule.de\/wp-content\/uploads\/2015\/08\/kinderarbeiten-bismarck-022.jpg\"><img loading=\"lazy\" decoding=\"async\" class=\"wp-image-80 size-medium\" src=\"https:\/\/www.bismarckschule-servatiusschule.de\/wp-content\/uploads\/2015\/08\/kinderarbeiten-bismarck-022-225x300.jpg\" alt=\"\" width=\"225\" height=\"300\" srcset=\"https:\/\/www.bismarckschule-servatiusschule.de\/wp-content\/uploads\/2015\/08\/kinderarbeiten-bismarck-022-225x300.jpg 225w, https:\/\/www.bismarckschule-servatiusschule.de\/wp-content\/uploads\/2015\/08\/kinderarbeiten-bismarck-022.jpg 480w\" sizes=\"auto, (max-width: 225px) 100vw, 225px\" \/><\/a><figcaption id=\"caption-attachment-80\" class=\"wp-caption-text\">alte Schriften<\/figcaption><\/figure>\n<p><a href=\"https:\/\/www.bismarckschule-servatiusschule.de\/wp-content\/uploads\/2015\/08\/kinderarbeiten-bismarck-024.jpg\"><img loading=\"lazy\" decoding=\"async\" class=\"alignnone wp-image-79 size-medium\" src=\"https:\/\/www.bismarckschule-servatiusschule.de\/wp-content\/uploads\/2015\/08\/kinderarbeiten-bismarck-024-225x300.jpg\" alt=\"\" width=\"225\" height=\"300\" srcset=\"https:\/\/www.bismarckschule-servatiusschule.de\/wp-content\/uploads\/2015\/08\/kinderarbeiten-bismarck-024-225x300.jpg 225w, https:\/\/www.bismarckschule-servatiusschule.de\/wp-content\/uploads\/2015\/08\/kinderarbeiten-bismarck-024.jpg 480w\" sizes=\"auto, (max-width: 225px) 100vw, 225px\" \/><\/a><\/p>\n","protected":false},"excerpt":{"rendered":"<p>Gruppenarbeiten von Sch\u00fclern und Sch\u00fclerinnen, entstanden im Kunstunterricht.<\/p>\n","protected":false},"author":1,"featured_media":0,"parent":0,"menu_order":0,"comment_status":"closed","ping_status":"closed","template":"","meta":{"footnotes":""},"class_list":["post-120","page","type-page","status-publish","hentry"],"_links":{"self":[{"href":"https:\/\/www.bismarckschule-servatiusschule.de\/index.php\/wp-json\/wp\/v2\/pages\/120","targetHints":{"allow":["GET"]}}],"collection":[{"href":"https:\/\/www.bismarckschule-servatiusschule.de\/index.php\/wp-json\/wp\/v2\/pages"}],"about":[{"href":"https:\/\/www.bismarckschule-servatiusschule.de\/index.php\/wp-json\/wp\/v2\/types\/page"}],"author":[{"embeddable":true,"href":"https:\/\/www.bismarckschule-servatiusschule.de\/index.php\/wp-json\/wp\/v2\/users\/1"}],"replies":[{"embeddable":true,"href":"https:\/\/www.bismarckschule-servatiusschule.de\/index.php\/wp-json\/wp\/v2\/comments?post=120"}],"version-history":[{"count":3,"href":"https:\/\/www.bismarckschule-servatiusschule.de\/index.php\/wp-json\/wp\/v2\/pages\/120\/revisions"}],"predecessor-version":[{"id":362,"href":"https:\/\/www.bismarckschule-servatiusschule.de\/index.php\/wp-json\/wp\/v2\/pages\/120\/revisions\/362"}],"wp:attachment":[{"href":"https:\/\/www.bismarckschule-servatiusschule.de\/index.php\/wp-json\/wp\/v2\/media?parent=120"}],"curies":[{"name":"wp","href":"https:\/\/api.w.org\/{rel}","templated":true}]}}