{"id":123,"date":"2015-09-04T16:23:50","date_gmt":"2015-09-04T14:23:50","guid":{"rendered":"http:\/\/bismarck.reppel.eu\/?page_id=123"},"modified":"2015-09-24T11:46:57","modified_gmt":"2015-09-24T09:46:57","slug":"links","status":"publish","type":"page","link":"https:\/\/www.bismarckschule-servatiusschule.de\/index.php\/links\/","title":{"rendered":"Links und Hinweise"},"content":{"rendered":"<h2>1<\/h2>\n<p>Zwar kein direkter Link aus der Computerwelt, aber ein Hinweis f\u00fcr die Eltern:<\/p>\n<p>Seit einiger Zeit ist auf dem Zeitschriftenmarkt ein besonderes MICKY-MAUS-Heft erh\u00e4ltlich, das in der bekannten Comic-Form und mit Sachtextchen Kinder zwischen 9 und 14 Jahren mit den M\u00f6glichkeiten und den Gefahren des Internets vertraut macht.<\/p>\n<p>In kindgerechter Sprache geschrieben, erscheint mir das Heft durchaus geeignet, Kindern als Lekt\u00fcre zu geben.<\/p>\n<p>&nbsp;<\/p>\n<h2>2<\/h2>\n<p><a href=\"http:\/\/www.schulministerium.nrw.de\">Schulgesetz NRW<\/a><\/p>\n<p>&nbsp;<\/p>\n<h2>3<\/h2>\n<p>&nbsp;<\/p>\n","protected":false},"excerpt":{"rendered":"<p>1 Zwar kein direkter Link aus der Computerwelt, aber ein Hinweis f\u00fcr die Eltern: Seit einiger Zeit ist auf dem Zeitschriftenmarkt ein besonderes MICKY-MAUS-Heft erh\u00e4ltlich, das in der bekannten Comic-Form und mit Sachtextchen Kinder zwischen 9 und 14 Jahren mit den M\u00f6glichkeiten und den Gefahren des Internets vertraut macht. In kindgerechter Sprache geschrieben, erscheint mir [&hellip;]<\/p>\n","protected":false},"author":1,"featured_media":0,"parent":0,"menu_order":0,"comment_status":"closed","ping_status":"closed","template":"","meta":{"footnotes":""},"class_list":["post-123","page","type-page","status-publish","hentry"],"_links":{"self":[{"href":"https:\/\/www.bismarckschule-servatiusschule.de\/index.php\/wp-json\/wp\/v2\/pages\/123","targetHints":{"allow":["GET"]}}],"collection":[{"href":"https:\/\/www.bismarckschule-servatiusschule.de\/index.php\/wp-json\/wp\/v2\/pages"}],"about":[{"href":"https:\/\/www.bismarckschule-servatiusschule.de\/index.php\/wp-json\/wp\/v2\/types\/page"}],"author":[{"embeddable":true,"href":"https:\/\/www.bismarckschule-servatiusschule.de\/index.php\/wp-json\/wp\/v2\/users\/1"}],"replies":[{"embeddable":true,"href":"https:\/\/www.bismarckschule-servatiusschule.de\/index.php\/wp-json\/wp\/v2\/comments?post=123"}],"version-history":[{"count":7,"href":"https:\/\/www.bismarckschule-servatiusschule.de\/index.php\/wp-json\/wp\/v2\/pages\/123\/revisions"}],"predecessor-version":[{"id":303,"href":"https:\/\/www.bismarckschule-servatiusschule.de\/index.php\/wp-json\/wp\/v2\/pages\/123\/revisions\/303"}],"wp:attachment":[{"href":"https:\/\/www.bismarckschule-servatiusschule.de\/index.php\/wp-json\/wp\/v2\/media?parent=123"}],"curies":[{"name":"wp","href":"https:\/\/api.w.org\/{rel}","templated":true}]}}