{"id":132,"date":"2015-09-04T16:26:21","date_gmt":"2015-09-04T14:26:21","guid":{"rendered":"http:\/\/bismarck.reppel.eu\/?page_id=132"},"modified":"2015-09-23T11:21:38","modified_gmt":"2015-09-23T09:21:38","slug":"schulprogramm-servatius","status":"publish","type":"page","link":"https:\/\/www.bismarckschule-servatiusschule.de\/index.php\/schulprogramm-servatius\/","title":{"rendered":"Schulprogramm Servatius"},"content":{"rendered":"<p>&nbsp;<\/p>\n<h3 style=\"text-align: center;\"><span style=\"color: #3366ff;\">Schulordnung<\/span><br \/>\n<span style=\"color: #3366ff;\"> der Servatiusgrundschule Kierspe-R\u00f6nsahl<\/span><\/h3>\n<p>1. Umgang der Menschen miteinander<br \/>\n&#8211; Wir gehen freundlich miteinander um. Wir helfen einander. Wir h\u00f6ren einander zu und lassen uns gegenseitig ausreden.<br \/>\nWir sind p\u00fcnktlich.<br \/>\nHaben wir versehentlich jemanden wehgetan, entschuldigen wir uns.<br \/>\n&#8211; Wir gehen wertsch\u00e4tzend miteinander um und mit Menschen, die anders sind als wir.<br \/>\n&#8211; Wir schlie\u00dfen sie nicht aus.<br \/>\n&#8211; Wir l\u00f6sen Probleme und Streitigkeiten ohne Gewalt.<br \/>\nWir verletzen niemanden mit W\u00f6rtern oder Taten.<br \/>\nWenn mir jemand ein Unrecht tut, rede ich mit ihm oder hole mir Hilfe.<br \/>\nWenn einem anderen Unrecht geschieht, versuchen wir schlichtend einzugreifen oder holen Hilfe.<\/p>\n<p>2. Umgang mit Sachen<br \/>\n&#8211; Wir bringen die n\u00f6tigen Arbeitsmaterialien immer mit und behandeln sie sorgf\u00e4ltig.<br \/>\nWir r\u00e4umen unseren Tornister auf und heften Arbeitsbl\u00e4tter t\u00e4glich ab.<br \/>\nWir sorgen f\u00fcr Ordnung unter unserem Tisch und an der Garderobe.<br \/>\nKinder lassen Handys und andere elektronische Ger\u00e4te zu Hause.<br \/>\nWir benutzen mitgebrachtes Spielzeug nur in den Pausen.<br \/>\n&#8211; Das Eigentum anderer r\u00fchren wir nicht ohne zu fragen an.<br \/>\nGefundene Gegenst\u00e4nde gebe ich einem Lehrer oder h\u00e4nge sie an die Fundgarderobe.<br \/>\n&#8211; Wir halten die Schule und den Schulhof sauber.<br \/>\nM\u00fcll werfen wir in Abfallbeh\u00e4lter und achten darauf, ihn zu trennen.<br \/>\nWir behandeln Einrichtung und Lernmittel der Schule sorgf\u00e4ltig.<br \/>\nWir gehen sparsam mit Wasser und Strom um.<\/p>\n<p>3. Verhalten im Schulgeb\u00e4ude<br \/>\n&#8211; Bei Stundenbeginn h\u00e4ngen wir unsere Jacken an die Garderobe, setzen uns auf unseren Platz und besch\u00e4ftigen uns leise.<br \/>\n&#8211; Wir gehen ruhig durch die Flure.<br \/>\n&#8211; Wir verlassen den Klassenraum nur mit Erlaubnis des Lehrers und sind dann besonders leise.<br \/>\n&#8211; B\u00e4lle, Seilchen usw. benutzen wir nur auf dem Schulhof.<br \/>\n&#8211; Wir gehen m\u00f6glichst in den Pausen auf die Toilette. Wir hinterlassen sie sauber und halten uns dort nicht l\u00e4nger als n\u00f6tig auf.<\/p>\n<p>4. Verhalten w\u00e4hrend der Pause<br \/>\n&#8211; Zu Beginn der Pause verlassen wir z\u00fcgig das Schulgeb\u00e4ude.<br \/>\n&#8211; Wir beachten die Grenzen des Schulgel\u00e4ndes.<br \/>\nRollt ein Ball auf die Stra\u00dfe oder landet auf einem benachbarten Grundst\u00fcck, kl\u00e4ren wir mit der Aufsicht, was zu tun ist.<br \/>\n&#8211; Wir gehen vorsichtig mit den Pflanzen um.<br \/>\n&#8211; F\u00fcr Ballspiele benutzen wir weiche Softb\u00e4lle.<br \/>\n&#8211; Beim Spielen nehmen wir R\u00fccksicht auf andere.<br \/>\n&#8211; W\u00e4hrend der Regenpause bleiben wir mit dem Lehrer in der Klasse und besch\u00e4ftigen uns mit dem dort vorhandenen Spielmaterial.<br \/>\n&#8211; An k\u00fchlen Tagen und im Herbst und Winter gehen wir immer mit Jacke raus. Sie kann sp\u00e4ter nicht mehr geholt werden. Kinder ohne Jacke m\u00fcssen in der Pausenhalle bleiben.<br \/>\n&#8211; Bei Schnee werfen wir nicht mit Schneeb\u00e4llen und schlie\u00dfen nicht mit Eisst\u00fccken.<br \/>\nDer Hang neben der Treppe zum oberen Schulhof darf bei Schnee nicht betreten werden.<br \/>\nWir machen keine Rutschbahnen.<br \/>\n&#8211; Beim Klingeln beenden wir sofort unser Spiel, auch das H\u00fcpfen am Trampolin, nehmen unser Spielger\u00e4t in die Hand und sorgen daf\u00fcr, dass wir vor der Aufsicht das Schulgeb\u00e4ude betreten.<\/p>\n<p>5. Busregeln<br \/>\n&#8211; Wir warten an der Schulhofgrenze (wei\u00dfe Linie), bis ein Lehrer uns zum Bus gehen l\u00e4sst.<br \/>\n&#8211; Wir steigen ohne zu dr\u00e4ngeln ein und setzen uns hin.<br \/>\n&#8211; Wir achten aufeinander und helfen j\u00fcngeren Kindern, den richtigen Bus zu finden.<\/p>\n<p>6. Vorbereitung auf den Unterricht und Hausaufgaben<br \/>\n&#8211; Die Hausaufgaben erledigen wir sorgf\u00e4ltig, vollst\u00e4ndig und m\u00f6glichst eigenst\u00e4ndig. Die daf\u00fcr ben\u00f6tigten Unterrichtsmittel nehmen wir mit nach Hause und bringen sie am n\u00e4chsten Tag wieder mit.<\/p>\n<p>7. Regeln f\u00fcr Erwachsene<br \/>\n&#8211; Wir Lehrer, Lehrerinnen und Eltern versuchen, den Kindern ein Vorbild zu sein. Gro\u00dfe Bedeutung hat eine achtungsvolle und menschenw\u00fcrdige Sprache.<br \/>\nWir leben den Kindern vor, dass Konflikte ohne Gewalt \u00fcber Gespr\u00e4che und Einsicht gel\u00f6st werden k\u00f6nnen.<br \/>\n&#8211; Wir rauchen nicht auf dem Schulgel\u00e4nde und trinken dort auch keinen Alkohol.<\/p>\n<p>8. Regeln f\u00fcr Lehrer und Lehrerinnen<br \/>\n&#8211; Wir sind offen f\u00fcr die Anliegen der Kinder.<br \/>\n&#8211; Wir helfen den Kinder, wenn n\u00f6tig, bei Konfliktl\u00f6sungen.<br \/>\n&#8211; Wir achten mit auf Ordnung in unserer Schule.<\/p>\n<p>9. Regeln f\u00fcr die Eltern<br \/>\n&#8211; Wir unterst\u00fctzen unsere Kinder beim Lernen.<br \/>\n&#8211; Wir schaffen die erforderlichen h\u00e4uslichen Voraussetzungen zur Erledigung der Hausaufgaben und f\u00f6rdern das eigenst\u00e4ndige Arbeiten der Kinder.<br \/>\n&#8211; Wir helfen im Rahmen unserer M\u00f6glichkeiten bei schulischen Veranstaltungen mit.<br \/>\n&#8211; Wir lassen unsere Kinder m\u00f6glichst zu Fu\u00df zur Schule gehen.<br \/>\nWir lassen die Kinder nicht vor dem Schulgeb\u00e4ude ein- und aussteigen.<br \/>\nWir begleiten die Kinder nicht ins Schulhaus (Erziehung zur Selbst\u00e4ndigkeit).<br \/>\n&#8211; Im Krankheitsfall entschuldigen wir unsere Kinder schnellstm\u00f6glich.<\/p>\n<p>10. Vorgehen bei Regelverst\u00f6\u00dfen<br \/>\n&#8211; Erinnerung an die Regeln<br \/>\n&#8211; Verwarnung<br \/>\n&#8211; Angerichteter Schaden wird ersetzt oder wieder gut gemacht<br \/>\n&#8211; Abschreiben von entsprechenden Abschnitten der Schulordnung<br \/>\n&#8211; Pausenverbot<br \/>\n&#8211; Information der Eltern<br \/>\n&#8211; Einleitung von Ordnungsma\u00dfnahmen laut allgemeiner Schulordnung (ASchO).<\/p>\n<p>Diese Schulordnung wird von Klassenregeln erg\u00e4nzt.<\/p>\n","protected":false},"excerpt":{"rendered":"<p>&nbsp; Schulordnung der Servatiusgrundschule Kierspe-R\u00f6nsahl 1. Umgang der Menschen miteinander &#8211; Wir gehen freundlich miteinander um. Wir helfen einander. Wir h\u00f6ren einander zu und lassen uns gegenseitig ausreden. Wir sind p\u00fcnktlich. Haben wir versehentlich jemanden wehgetan, entschuldigen wir uns. &#8211; Wir gehen wertsch\u00e4tzend miteinander um und mit Menschen, die anders sind als wir. &#8211; Wir [&hellip;]<\/p>\n","protected":false},"author":1,"featured_media":0,"parent":0,"menu_order":0,"comment_status":"closed","ping_status":"closed","template":"","meta":{"footnotes":""},"class_list":["post-132","page","type-page","status-publish","hentry"],"_links":{"self":[{"href":"https:\/\/www.bismarckschule-servatiusschule.de\/index.php\/wp-json\/wp\/v2\/pages\/132","targetHints":{"allow":["GET"]}}],"collection":[{"href":"https:\/\/www.bismarckschule-servatiusschule.de\/index.php\/wp-json\/wp\/v2\/pages"}],"about":[{"href":"https:\/\/www.bismarckschule-servatiusschule.de\/index.php\/wp-json\/wp\/v2\/types\/page"}],"author":[{"embeddable":true,"href":"https:\/\/www.bismarckschule-servatiusschule.de\/index.php\/wp-json\/wp\/v2\/users\/1"}],"replies":[{"embeddable":true,"href":"https:\/\/www.bismarckschule-servatiusschule.de\/index.php\/wp-json\/wp\/v2\/comments?post=132"}],"version-history":[{"count":4,"href":"https:\/\/www.bismarckschule-servatiusschule.de\/index.php\/wp-json\/wp\/v2\/pages\/132\/revisions"}],"predecessor-version":[{"id":290,"href":"https:\/\/www.bismarckschule-servatiusschule.de\/index.php\/wp-json\/wp\/v2\/pages\/132\/revisions\/290"}],"wp:attachment":[{"href":"https:\/\/www.bismarckschule-servatiusschule.de\/index.php\/wp-json\/wp\/v2\/media?parent=132"}],"curies":[{"name":"wp","href":"https:\/\/api.w.org\/{rel}","templated":true}]}}