{"id":48,"date":"2015-08-28T21:03:45","date_gmt":"2015-08-28T19:03:45","guid":{"rendered":"http:\/\/bismarck.reppel.eu\/?page_id=48"},"modified":"2022-09-01T10:17:52","modified_gmt":"2022-09-01T08:17:52","slug":"kontakt","status":"publish","type":"page","link":"https:\/\/www.bismarckschule-servatiusschule.de\/index.php\/kontakt\/","title":{"rendered":"Kontakt"},"content":{"rendered":"<p><strong>Standort Bismarckschule<br \/>\n<\/strong>Richelnkamp 20<br \/>\n58566 Kierspe<\/p>\n<p>Telefon: 02359 2487<br \/>\nE-Mail: <a href=\"mailto:info@bismarckschule-servatiusschule.de\"><span style=\"font-family: Arial;\">info@bismarckschule-servatiusschule.de<\/span><\/a><\/p>\n<p>Unser Sekretariat wird von Frau Klobes geleitet. Die Sprechzeiten sind an der Bismarckschule:<br \/>\nMontag, Dienstag, Mittwoch und Donnerstag von 7.30 Uhr bis 12.00 Uhr<\/p>\n<p>Unser Hausmeister, Herr Hermel, k\u00fcmmert sich werkt\u00e4glich von 7 Uhr bis 15 Uhr um die Au\u00dfenanlagen und das Schulgeb\u00e4ude.<\/p>\n<p><strong>Standort Servatiusschule<br \/>\n<\/strong>Vor dem Isern 14<br \/>\n58566 Kierspe-R\u00f6nsahl<\/p>\n<p>Telefon: 02269 7723<br \/>\nE-Mail: <span style=\"font-family: Arial;\">info@bismarckschule-servatiusschule.de<\/span><\/p>\n<p>Frau Klobes ist an der Servatiusschule erreichbar\u00a0 freitags von 8.00 Uhr bis 10.00 Uhr.<\/p>\n<p>Unser Hausmeister, Herr Winkenstern, k\u00fcmmert sich werkt\u00e4glich von 7.00 Uhr bis 11.00 Uhr um die \u00e4u\u00dferen Belange des Geb\u00e4udes.<\/p>\n<p><strong>Hier finden Sie uns<br \/>\n<\/strong><\/p>\n<p><strong>Bismarckschule<\/strong><\/p>\n<div class=\"googlemaps left\"><iframe loading=\"lazy\" width=\"600\" height=\"340\" frameborder=\"0\" scrolling=\"no\" marginheight=\"0\" marginwidth=\"0\" src=\"\/\/maps.google.com\/maps?q=Bismarckschule%2C+58566+Kierspe&output=embed\"><\/iframe><\/div>\n<p><strong>Servatiusschule<\/strong><\/p>\n<div class=\"googlemaps left\"><iframe loading=\"lazy\" width=\"600\" height=\"340\" frameborder=\"0\" scrolling=\"no\" marginheight=\"0\" marginwidth=\"0\" src=\"\/\/maps.google.com\/maps?q=Servatiusschule%2C+58566+Kierspe&output=embed\"><\/iframe><\/div>\n","protected":false},"excerpt":{"rendered":"<p>Standort Bismarckschule Richelnkamp 20 58566 Kierspe Telefon: 02359 2487 E-Mail: info@bismarckschule-servatiusschule.de Unser Sekretariat wird von Frau Klobes geleitet. Die Sprechzeiten sind an der Bismarckschule: Montag, Dienstag, Mittwoch und Donnerstag von 7.30 Uhr bis 12.00 Uhr Unser Hausmeister, Herr Hermel, k\u00fcmmert sich werkt\u00e4glich von 7 Uhr bis 15 Uhr um die Au\u00dfenanlagen und das Schulgeb\u00e4ude. Standort [&hellip;]<\/p>\n","protected":false},"author":1,"featured_media":0,"parent":0,"menu_order":0,"comment_status":"closed","ping_status":"closed","template":"","meta":{"footnotes":""},"class_list":["post-48","page","type-page","status-publish","hentry"],"_links":{"self":[{"href":"https:\/\/www.bismarckschule-servatiusschule.de\/index.php\/wp-json\/wp\/v2\/pages\/48","targetHints":{"allow":["GET"]}}],"collection":[{"href":"https:\/\/www.bismarckschule-servatiusschule.de\/index.php\/wp-json\/wp\/v2\/pages"}],"about":[{"href":"https:\/\/www.bismarckschule-servatiusschule.de\/index.php\/wp-json\/wp\/v2\/types\/page"}],"author":[{"embeddable":true,"href":"https:\/\/www.bismarckschule-servatiusschule.de\/index.php\/wp-json\/wp\/v2\/users\/1"}],"replies":[{"embeddable":true,"href":"https:\/\/www.bismarckschule-servatiusschule.de\/index.php\/wp-json\/wp\/v2\/comments?post=48"}],"version-history":[{"count":21,"href":"https:\/\/www.bismarckschule-servatiusschule.de\/index.php\/wp-json\/wp\/v2\/pages\/48\/revisions"}],"predecessor-version":[{"id":1690,"href":"https:\/\/www.bismarckschule-servatiusschule.de\/index.php\/wp-json\/wp\/v2\/pages\/48\/revisions\/1690"}],"wp:attachment":[{"href":"https:\/\/www.bismarckschule-servatiusschule.de\/index.php\/wp-json\/wp\/v2\/media?parent=48"}],"curies":[{"name":"wp","href":"https:\/\/api.w.org\/{rel}","templated":true}]}}