{"id":96,"date":"2015-08-29T22:05:22","date_gmt":"2015-08-29T20:05:22","guid":{"rendered":"http:\/\/bismarck.reppel.eu\/?page_id=96"},"modified":"2022-08-26T11:26:05","modified_gmt":"2022-08-26T09:26:05","slug":"betreuung-bismarck","status":"publish","type":"page","link":"https:\/\/www.bismarckschule-servatiusschule.de\/index.php\/bismarkschule\/betreuung-bismarck\/","title":{"rendered":"Betreuung Bismarckschule"},"content":{"rendered":"<h2>OGS<\/h2>\n<p><strong><u>Vorstellung der offenen Ganztagsschule (OGS)<\/u><\/strong><\/p>\n<p>Seit dem Schuljahr 2011\/2012 bietet die Gemeinschaftsgrundschule Bismarck in Zusammenarbeit mit dem Deutschen Roten Kreuz Kinderwelt, eine offene Ganztagsschule (OGS) an.<\/p>\n<p><strong>Derzeit besteht unser Team aus:<\/strong><\/p>\n<ul>\n<li>einer Teamleitung\/Gruppenleitung (Frau Br\u00fcnjes)<\/li>\n<li>Betreuungskr\u00e4ften<\/li>\n<li>wechselnde Honorarkr\u00e4fte und Praktikantinnen<\/li>\n<\/ul>\n<p>F\u00fcr die OGS-Kinder wird eine ganzt\u00e4gige Betreuung von montags bis freitags von 7:30-16:00 Uhr angeboten.<\/p>\n<p>An unterrichtsfreien Tagen (bewegliche Ferientage) und in den Ferien findet \u2013 mit Ausnahme von drei Wochen w\u00e4hrend der Sommerferien und einer Woche in den Weihnachtsferien (in der Regel zwischen Weihnachten und Neujahr) \u2013 \u00a0f\u00fcr <u>OGS Kinder<\/u> eine ganzt\u00e4gige Betreuung von 8:00 \u2013 16:00 Uhr statt.<\/p>\n<p><strong>Grunds\u00e4tze und Prinzipien<\/strong><\/p>\n<p>Die Grunds\u00e4tze und Prinzipien unserer Arbeit orientieren sich grunds\u00e4tzlich am Wohl des einzelnen Kindes. Es ist uns wichtig, dass die Kinder sich wohl f\u00fchlen und gerne in die OGS kommen. Wir m\u00f6chten den Kindern Begleiter in ihrer steten Entwicklung sein. Wir vertrauen in die Kompetenzen der Kinder und holen sie an ihrem individuellen Entwicklungsstand ab. So k\u00f6nnen sie F\u00e4higkeiten und Fertigkeiten ausbauen und zudem lernen, auf sich selber zu vertrauen.<\/p>\n<p>Wir arbeiten nach dem situationsorientierten Ansatz, der beinhaltet, dass die Interessen und Bed\u00fcrfnisse der Kinder, sowie die aktuelle Lebenssituation im t\u00e4glichen Miteinander aufgegriffen werden, z. B., auch in der Angebotsplanung.<\/p>\n<p>Ein besonderes Anliegen ist es uns noch, die Sozialkompetenz der Kinder zu f\u00f6rdern und zu st\u00e4rken. In der F\u00e4higkeit, tragf\u00e4hige soziale Beziehungen einzugehen und aufrecht zu erhalten, sehen wir die Grundlage f\u00fcr gesellschaftliche Teilhabe und einen gelingenden Sozialisierungsprozess. Daraus ergeben sich folgende Leitlinien f\u00fcr die p\u00e4dagogische Arbeit:<\/p>\n<ul>\n<li>Erziehung durch eine wertsch\u00e4tzende Haltung<\/li>\n<li>Erziehung durch einheitliche Regeln und Konsequenzen<\/li>\n<li>Erziehung mit Blick auf das Beziehungsgef\u00fcge.<\/li>\n<\/ul>\n<p><strong>\u00a0<\/strong><\/p>\n<p><strong>Nachmittagsangebote<\/strong><\/p>\n<p>Folgende Arbeitsgemeinschaften stehen den Kindern der OGS aktuell zur Auswahl:<\/p>\n<ul>\n<li>Schwimmen<\/li>\n<li>Experimentieren<\/li>\n<li>Fu\u00dfball<\/li>\n<li>Kunst<\/li>\n<li>Backen<\/li>\n<li>Kochen<\/li>\n<li>Klettern<\/li>\n<li>Tanzen<\/li>\n<\/ul>\n<p><strong>Aufnahme<\/strong><\/p>\n<p>Bei Interesse an der Ganztagsbetreuung Ihres Kindes k\u00f6nnen Sie Informationen und Antr\u00e4ge direkt bei uns in der OGS erhalten. Kommen Sie pers\u00f6nlich vorbei oder rufen Sie uns an: \u00a002359\/2999804, www.drk-kinderwelt.de<\/p>\n<p>\u00dcber folgenden Link gelangen Sie direkt auf die Seite unserer OGS. Dort k\u00f6nnen Sie sich genauer informieren.<\/p>\n<p>https:\/\/www.drk-kinderwelt.de\/einrichtungen\/offene-ganztagsschulen-betreute-grundschulen\/ogs-und-bgs-kierspe-bismarckschule\/<\/p>\n<p>Stand: August 2022<\/p>\n","protected":false},"excerpt":{"rendered":"<p>OGS Vorstellung der offenen Ganztagsschule (OGS) Seit dem Schuljahr 2011\/2012 bietet die Gemeinschaftsgrundschule Bismarck in Zusammenarbeit mit dem Deutschen Roten Kreuz Kinderwelt, eine offene Ganztagsschule (OGS) an. Derzeit besteht unser Team aus: einer Teamleitung\/Gruppenleitung (Frau Br\u00fcnjes) Betreuungskr\u00e4ften wechselnde Honorarkr\u00e4fte und Praktikantinnen F\u00fcr die OGS-Kinder wird eine ganzt\u00e4gige Betreuung von montags bis freitags von 7:30-16:00 Uhr [&hellip;]<\/p>\n","protected":false},"author":1,"featured_media":0,"parent":4,"menu_order":0,"comment_status":"closed","ping_status":"closed","template":"","meta":{"footnotes":""},"class_list":["post-96","page","type-page","status-publish","hentry"],"_links":{"self":[{"href":"https:\/\/www.bismarckschule-servatiusschule.de\/index.php\/wp-json\/wp\/v2\/pages\/96","targetHints":{"allow":["GET"]}}],"collection":[{"href":"https:\/\/www.bismarckschule-servatiusschule.de\/index.php\/wp-json\/wp\/v2\/pages"}],"about":[{"href":"https:\/\/www.bismarckschule-servatiusschule.de\/index.php\/wp-json\/wp\/v2\/types\/page"}],"author":[{"embeddable":true,"href":"https:\/\/www.bismarckschule-servatiusschule.de\/index.php\/wp-json\/wp\/v2\/users\/1"}],"replies":[{"embeddable":true,"href":"https:\/\/www.bismarckschule-servatiusschule.de\/index.php\/wp-json\/wp\/v2\/comments?post=96"}],"version-history":[{"count":16,"href":"https:\/\/www.bismarckschule-servatiusschule.de\/index.php\/wp-json\/wp\/v2\/pages\/96\/revisions"}],"predecessor-version":[{"id":1524,"href":"https:\/\/www.bismarckschule-servatiusschule.de\/index.php\/wp-json\/wp\/v2\/pages\/96\/revisions\/1524"}],"up":[{"embeddable":true,"href":"https:\/\/www.bismarckschule-servatiusschule.de\/index.php\/wp-json\/wp\/v2\/pages\/4"}],"wp:attachment":[{"href":"https:\/\/www.bismarckschule-servatiusschule.de\/index.php\/wp-json\/wp\/v2\/media?parent=96"}],"curies":[{"name":"wp","href":"https:\/\/api.w.org\/{rel}","templated":true}]}}